{"id":19,"date":"2023-04-24T11:53:33","date_gmt":"2023-04-24T09:53:33","guid":{"rendered":"http:\/\/lombardia.ucid.it\/monza-brianza\/?page_id=19"},"modified":"2023-04-24T11:53:33","modified_gmt":"2023-04-24T09:53:33","slug":"perche-associarsi","status":"publish","type":"page","link":"https:\/\/lombardia.ucid.it\/monza-brianza\/perche-associarsi\/","title":{"rendered":"Perch\u00e8 associarsi?"},"content":{"rendered":"<p style=\"text-align: justify;\">La Dottrina Sociale della Chiesa \u00e8 la morale sociale cattolica e, nella misura in cui la morale cattolica incorpora, perfezionandolo, il dettato della morale naturale, \u00e8 morale sociale valida non solo per il credente ma per tutti gli uomini di buona volont\u00e0. Cos\u00ec la identifica la teologia cattolica e cos\u00ec pure il magistero supremo la intende. Secondo Giovanni Paolo II, la dottrina sociale della Chiesa \u00e8 \u201cteologia morale\u201d a pieno titolo.<\/p>\n<p style=\"text-align: justify;\">E\u2019 importante sottolineare che, come la morale non \u00e8 un mero apparato di regole di imposizione estrinseca ma \u00e8 funzionale al piano di amore di Dio nei confronti dell\u2019uomo e del creato, cos\u00ec la morale sociale \u00e8 il modo attraverso il quale il progetto di Dio nei confronti delle societ\u00e0 storiche si attua e queste stesse possono testimoniare \u2013 attraverso il rispetto dei precetti sociali- il loro \u201camore\u201d a Dio.<\/p>\n<p style=\"text-align: justify;\">In sintesi, la Dottrina Sociale della Chiesa ha due dimensioni: una dimensione verticale che riguarda il rapporto tra Dio e l\u2019uomo, fatto a sua immagine e somiglianza; la seconda orizzontale riguardante il discernimento degli atti umani nella storia secondo la morale cristiana.<\/p>\n<p style=\"text-align: justify;\">I valori fondamentali su cui poggia la Dottrina Sociale della Chiesa sono: lo sviluppo, la solidariet\u00e0, la sussidiariet\u00e0, la destinazione universale dei beni, il bene comune.<\/p>\n<p style=\"text-align: justify;\">La Dottrina Sociale della Chiesa non ha modelli economici da proporre, ma si preoccupa che le costruzioni degli uomini siano rispettose della centralit\u00e0 della persona umana nei processi economici, con i suoi valori di libert\u00e0, responsabilit\u00e0, dignit\u00e0, creativit\u00e0.<\/p>\n<p style=\"text-align: justify;\">[button color=&#8221;#a5a5a5&#8243; background=&#8221;#d1d1d1&#8243; size=&#8221;small&#8221; src=&#8221;http:\/\/www.ucid.it\/&#8221;]Visualizza il sito UCID Nazionale[\/button]\n","protected":false},"excerpt":{"rendered":"<p>La Dottrina Sociale della Chiesa \u00e8 la morale sociale cattolica e, nella misura in cui la morale cattolica incorpora, perfezionandolo, il dettato della morale naturale, \u00e8 morale sociale valida non solo per il credente ma per tutti gli uomini di buona volont\u00e0. Cos\u00ec la identifica la teologia cattolica e cos\u00ec pure il magistero supremo la&hellip;<\/p>\n","protected":false},"author":1,"featured_media":0,"parent":0,"menu_order":0,"comment_status":"closed","ping_status":"closed","template":"","meta":{"footnotes":""},"class_list":["post-19","page","type-page","status-publish","hentry","entry","no-media"],"_links":{"self":[{"href":"https:\/\/lombardia.ucid.it\/monza-brianza\/wp-json\/wp\/v2\/pages\/19","targetHints":{"allow":["GET"]}}],"collection":[{"href":"https:\/\/lombardia.ucid.it\/monza-brianza\/wp-json\/wp\/v2\/pages"}],"about":[{"href":"https:\/\/lombardia.ucid.it\/monza-brianza\/wp-json\/wp\/v2\/types\/page"}],"author":[{"embeddable":true,"href":"https:\/\/lombardia.ucid.it\/monza-brianza\/wp-json\/wp\/v2\/users\/1"}],"replies":[{"embeddable":true,"href":"https:\/\/lombardia.ucid.it\/monza-brianza\/wp-json\/wp\/v2\/comments?post=19"}],"version-history":[{"count":0,"href":"https:\/\/lombardia.ucid.it\/monza-brianza\/wp-json\/wp\/v2\/pages\/19\/revisions"}],"wp:attachment":[{"href":"https:\/\/lombardia.ucid.it\/monza-brianza\/wp-json\/wp\/v2\/media?parent=19"}],"curies":[{"name":"wp","href":"https:\/\/api.w.org\/{rel}","templated":true}]}}