{"id":30,"date":"2023-04-24T12:25:32","date_gmt":"2023-04-24T10:25:32","guid":{"rendered":"http:\/\/lombardia.ucid.it\/busto-arsizio\/?page_id=30"},"modified":"2023-04-24T12:25:32","modified_gmt":"2023-04-24T10:25:32","slug":"perche-associarsi","status":"publish","type":"page","link":"https:\/\/lombardia.ucid.it\/busto-arsizio\/perche-associarsi\/","title":{"rendered":"Perch\u00e8 associarsi?"},"content":{"rendered":"<p><strong>L\u2019\u201dUCID Unione Cristiana Imprenditori e Dirigenti\u201d<\/strong><\/p>\n<p style=\"text-align: justify;\">fondata nel 1947, come unione di credenti legati dalla stessa fede cristiana e dalla comune responsabilit\u00e0 imprenditoriale nell\u2019ambito delle aziende e delle professioni; e questo al di l\u00e0, e al di sopra, di qualsiasi schieramento politico. Tuttavia l\u2019UCID richiama da sempre i suoi Soci all\u2019impegno per la realizzazione del bene comune mediante la partecipazione alle diverse forme e ai diversi momenti in cui si esprime la Chiesa cattolica e le organizzazioni della societ\u00e0 civile. In tale impegno l\u2019UCID pone al servizio della comunit\u00e0 le esperienze e le conoscenze che derivano ai suoi Soci dalle loro attivit\u00e0 imprenditoriali e professionali.<br \/>\nCostanti riferimenti ai quali l\u2019UCID si ispira sono il Vangelo e la dottrina sociale della Chiesa sia per la formazione spirituale dei propri Soci sia per la testimonianza nell\u2019operare dei valori cristiani nella societ\u00e0.<br \/>\nNella continuit\u00e0 ininterrotta della sua tradizione, l\u2019UCID ribadisce come suoi fondamentali principi etici ispiratori e di riferimento:<\/p>\n<p style=\"text-align: justify;\">&#8211; la centralit\u00e0 della persona umana, la salvaguardia e la promozione della sua crescita, creativit\u00e0 e dignit\u00e0, considerando ogni uomo come fratello in Cristo e figlio del Padre comune;<br \/>\n&#8211; l\u2019equilibrato utilizzo dei beni della terra, in continuazione con l\u2019opera del Creatore, nel rispetto dell\u2019ambiente naturale, sia per le generazioni presenti che per quelle future, valorizzandone ogni potenzialit\u00e0 finalizzata alla soddisfazione dei bisogni delle persone;<br \/>\n&#8211; il sano e corretto esercizio dell\u2019impresa e della professione come obbligo verso la societ\u00e0 e come adempimento del precetto evangelico di mettere a frutto, per il bene di tutti, i talenti affidati dalla Provvidenza in particolare agli imprenditori, dirigenti e professionisti cristiani;<br \/>\n&#8211; il progresso economico e sociale dei diversi livelli di comunit\u00e0 di cui l\u2019impresa fa parte, attraverso il rispetto delle giuste leggi mirate alla distribuzione del benessere, la divulgazione della cultura e della conoscenza ed il sostegno diretto dei pi\u00f9 bisognosi, in spirito di solidariet\u00e0, con il pi\u00f9 ampio ricorso alla sussidiariet\u00e0 in un\u2019ottica di servizio;<br \/>\n&#8211; la propagazione del Vangelo e dei valori cristiani nella societ\u00e0 in coerenza con il ruolo missionario che la Chiesa affida ad ogni suo fedele.<\/p>\n<p style=\"text-align: justify;\">[button color=&#8221;#a5a5a5&#8243; background=&#8221;#d1d1d1&#8243; size=&#8221;small&#8221; src=&#8221;http:\/\/www.ucid.it\/&#8221;]Visualizza il sito UCID Nazionale[\/button]\n<h3><strong>Diventare soci UCID<\/strong><\/h3>\n<p style=\"text-align: justify;\">Sono Soci della Sezione <strong><em>U.C.I.D. Bustese, Alto Milanese e Valle Olona<\/em><\/strong>, e pertanto soci del Gruppo Lombardo e di\u00a0 UCID Nazionale, gli imprenditori, i dirigenti ed i professionisti cristiani che ne condividono le finalit\u00e0.<br \/>\nPossono inoltre divenire soci dirigenti cristiani che operano nelle amministrazioni pubbliche, associazioni, fondazioni e istituzioni educative ricoprendovi ruoli dirigenziali e di responsabilit\u00e0.<br \/>\nAl momento dell\u2019iscrizione alla Sezione, i Soci versano una quota annuale , comprensiva anche del contributo da trasmettere al Gruppo Lombardo e all\u2019UCID Nazionale , secondo delibere dei rispettivi Consigli Direttivi.<br \/>\nL\u2019accettazione a \u00a0Socio viene deliberata\u00a0 dal Consiglio della Sezione.<br \/>\nI Soci in regola con il pagamento della quota annuale hanno diritto di voto in Assemblea.<\/p>\n[button color=&#8221;#a5a5a5&#8243; background=&#8221;#d1d1d1&#8243; size=&#8221;small&#8221; src=&#8221;http:\/\/lombardia.ucid.it\/bustoarsizio\/wp-content\/uploads\/sites\/3\/2015\/03\/U.-C.-I.-D.-Domanda-di-scrizione.pdf&#8221;]Scheda di Adesione[\/button]\n","protected":false},"excerpt":{"rendered":"<p>L\u2019\u201dUCID Unione Cristiana Imprenditori e Dirigenti\u201d fondata nel 1947, come unione di credenti legati dalla stessa fede cristiana e dalla comune responsabilit\u00e0 imprenditoriale nell\u2019ambito delle aziende e delle professioni; e questo al di l\u00e0, e al di sopra, di qualsiasi schieramento politico. Tuttavia l\u2019UCID richiama da sempre i suoi Soci all\u2019impegno per la realizzazione del&hellip;<\/p>\n","protected":false},"author":1,"featured_media":0,"parent":0,"menu_order":0,"comment_status":"closed","ping_status":"closed","template":"","meta":{"footnotes":""},"class_list":["post-30","page","type-page","status-publish","hentry","entry","no-media"],"_links":{"self":[{"href":"https:\/\/lombardia.ucid.it\/busto-arsizio\/wp-json\/wp\/v2\/pages\/30","targetHints":{"allow":["GET"]}}],"collection":[{"href":"https:\/\/lombardia.ucid.it\/busto-arsizio\/wp-json\/wp\/v2\/pages"}],"about":[{"href":"https:\/\/lombardia.ucid.it\/busto-arsizio\/wp-json\/wp\/v2\/types\/page"}],"author":[{"embeddable":true,"href":"https:\/\/lombardia.ucid.it\/busto-arsizio\/wp-json\/wp\/v2\/users\/1"}],"replies":[{"embeddable":true,"href":"https:\/\/lombardia.ucid.it\/busto-arsizio\/wp-json\/wp\/v2\/comments?post=30"}],"version-history":[{"count":0,"href":"https:\/\/lombardia.ucid.it\/busto-arsizio\/wp-json\/wp\/v2\/pages\/30\/revisions"}],"wp:attachment":[{"href":"https:\/\/lombardia.ucid.it\/busto-arsizio\/wp-json\/wp\/v2\/media?parent=30"}],"curies":[{"name":"wp","href":"https:\/\/api.w.org\/{rel}","templated":true}]}}